{"id":9,"date":"2019-01-04T14:36:51","date_gmt":"2019-01-04T13:36:51","guid":{"rendered":"http:\/\/happl.uber.space\/?page_id=9"},"modified":"2020-02-29T17:31:00","modified_gmt":"2020-02-29T16:31:00","slug":"ueber-mich","status":"publish","type":"page","link":"https:\/\/www.happl.at\/?page_id=9","title":{"rendered":"\u00dcber uns"},"content":{"rendered":"<p>Die Firma Happl ist ein Steinmetzbetrieb mit langj\u00e4hriger Tradition. Im Jahr 1997 \u00fcbernahm Steinmetzmeister Norbet Happl die Firma von seinem Vater und f\u00fchrte sie fast 20 Jahre lang. Seit dem Jahr 2018 wird die Firma unter dem Namen Dipl. Ing. Hana Happl erfolgreich weitergef\u00fchrt. <\/p>\n\n\n<p><\/p>\n","protected":false},"excerpt":{"rendered":"<p>Die Firma Happl ist ein Steinmetzbetrieb mit langj\u00e4hriger Tradition. Im Jahr 1997 \u00fcbernahm Steinmetzmeister Norbet Happl die Firma von seinem Vater und f\u00fchrte sie fast 20 Jahre lang. Seit dem Jahr 2018 wird die Firma unter dem Namen Dipl. Ing. Hana Happl erfolgreich weitergef\u00fchrt.<\/p>\n","protected":false},"author":1,"featured_media":48,"parent":8,"menu_order":1,"comment_status":"closed","ping_status":"closed","template":"","meta":[],"_links":{"self":[{"href":"https:\/\/www.happl.at\/index.php?rest_route=\/wp\/v2\/pages\/9"}],"collection":[{"href":"https:\/\/www.happl.at\/index.php?rest_route=\/wp\/v2\/pages"}],"about":[{"href":"https:\/\/www.happl.at\/index.php?rest_route=\/wp\/v2\/types\/page"}],"author":[{"embeddable":true,"href":"https:\/\/www.happl.at\/index.php?rest_route=\/wp\/v2\/users\/1"}],"replies":[{"embeddable":true,"href":"https:\/\/www.happl.at\/index.php?rest_route=%2Fwp%2Fv2%2Fcomments&post=9"}],"version-history":[{"count":4,"href":"https:\/\/www.happl.at\/index.php?rest_route=\/wp\/v2\/pages\/9\/revisions"}],"predecessor-version":[{"id":97,"href":"https:\/\/www.happl.at\/index.php?rest_route=\/wp\/v2\/pages\/9\/revisions\/97"}],"up":[{"embeddable":true,"href":"https:\/\/www.happl.at\/index.php?rest_route=\/wp\/v2\/pages\/8"}],"wp:featuredmedia":[{"embeddable":true,"href":"https:\/\/www.happl.at\/index.php?rest_route=\/wp\/v2\/media\/48"}],"wp:attachment":[{"href":"https:\/\/www.happl.at\/index.php?rest_route=%2Fwp%2Fv2%2Fmedia&parent=9"}],"curies":[{"name":"wp","href":"https:\/\/api.w.org\/{rel}","templated":true}]}}